{"id":6567,"date":"2025-12-09T16:59:53","date_gmt":"2025-12-09T14:59:53","guid":{"rendered":"https:\/\/spcsb.md\/?page_id=6567"},"modified":"2026-03-20T14:27:03","modified_gmt":"2026-03-20T12:27:03","slug":"despre","status":"publish","type":"page","link":"https:\/\/spcsb.md\/en\/despre\/","title":{"rendered":"About us"},"content":{"rendered":"<style>.kb-row-layout-id6567_3d91f8-04 > .kt-row-column-wrap{align-content:start;}:where(.kb-row-layout-id6567_3d91f8-04 > .kt-row-column-wrap) > .wp-block-kadence-column{justify-content:start;}.kb-row-layout-id6567_3d91f8-04 > .kt-row-column-wrap{column-gap:var(--global-kb-gap-sm, 1rem);row-gap:var(--global-kb-gap-sm, 1rem);padding-top:var(--global-kb-spacing-md, 2rem);padding-bottom:0px;grid-template-columns:minmax(0, calc(65% - ((var(--global-kb-gap-sm, 1rem) * 1 )\/2)))minmax(0, calc(35% - ((var(--global-kb-gap-sm, 1rem) * 1 )\/2)));}.kb-row-layout-id6567_3d91f8-04 > .kt-row-layout-overlay{opacity:0.30;}@media all and (max-width: 1024px){.kb-row-layout-id6567_3d91f8-04 > .kt-row-column-wrap{grid-template-columns:repeat(2, minmax(0, 1fr));}}@media all and (max-width: 767px){.kb-row-layout-id6567_3d91f8-04 > .kt-row-column-wrap{grid-template-columns:minmax(0, 1fr);}.kb-row-layout-id6567_3d91f8-04 > .kt-row-column-wrap > .wp-block-kadence-column:nth-child(1 of *:not(style)){order:2;}.kb-row-layout-id6567_3d91f8-04 > .kt-row-column-wrap > .wp-block-kadence-column:nth-child(2 of *:not(style)){order:1;}.kb-row-layout-id6567_3d91f8-04 > .kt-row-column-wrap > .wp-block-kadence-column:nth-child(3 of *:not(style)){order:12;}.kb-row-layout-id6567_3d91f8-04 > .kt-row-column-wrap > .wp-block-kadence-column:nth-child(4 of *:not(style)){order:11;}.kb-row-layout-id6567_3d91f8-04 > .kt-row-column-wrap > .wp-block-kadence-column:nth-child(5 of *:not(style)){order:22;}.kb-row-layout-id6567_3d91f8-04 > .kt-row-column-wrap > .wp-block-kadence-column:nth-child(6 of *:not(style)){order:21;}.kb-row-layout-id6567_3d91f8-04 > .kt-row-column-wrap > .wp-block-kadence-column:nth-child(7 of *:not(style)){order:32;}.kb-row-layout-id6567_3d91f8-04 > .kt-row-column-wrap > .wp-block-kadence-column:nth-child(8 of *:not(style)){order:31;}}<\/style><div class=\"kb-row-layout-wrap kb-row-layout-id6567_3d91f8-04 alignnone wp-block-kadence-rowlayout\"><div class=\"kt-row-column-wrap kt-has-2-columns kt-row-layout-equal kt-tab-layout-inherit kt-mobile-layout-row kt-row-valign-top\">\n<style>.kadence-column6567_ee1133-e2 > .kt-inside-inner-col,.kadence-column6567_ee1133-e2 > .kt-inside-inner-col:before{border-top-left-radius:0px;border-top-right-radius:0px;border-bottom-right-radius:0px;border-bottom-left-radius:0px;}.kadence-column6567_ee1133-e2 > .kt-inside-inner-col{column-gap:var(--global-kb-gap-sm, 1rem);}.kadence-column6567_ee1133-e2 > .kt-inside-inner-col{flex-direction:column;}.kadence-column6567_ee1133-e2 > .kt-inside-inner-col > .aligncenter{width:100%;}.kadence-column6567_ee1133-e2 > .kt-inside-inner-col:before{opacity:0.3;}.kadence-column6567_ee1133-e2{position:relative;}@media all and (max-width: 1024px){.kadence-column6567_ee1133-e2 > .kt-inside-inner-col{flex-direction:column;justify-content:center;}}@media all and (max-width: 767px){.kadence-column6567_ee1133-e2 > .kt-inside-inner-col{flex-direction:column;justify-content:center;}}<\/style>\n<div class=\"wp-block-kadence-column kadence-column6567_ee1133-e2 ticss-00246102\"><div class=\"kt-inside-inner-col\">\n<p>The function of the Financial Intelligence Unit of the Republic of Moldova has been exercised continuously since 2003, having been established <strong>The Office for Prevention and Fight against of Money Laundering (SPCSB)<\/strong> by the official Order of the Center for Combating Economic Crimes and Corruption, a specialized structure created to strengthen the state's capacities in the field of preventing and combating money laundering and terrorist financing. The establishment of this structure was carried out in the context of the international commitments assumed by the Republic of Moldova in the process of aligning with relevant standards in the field of preventing and combating money laundering and terrorist financing, as well as the need to establish a specialized national unit, according to established international practices.<\/p>\n<\/div><\/div>\n\n\n<style>.kadence-column6567_7e0b37-f6 > .kt-inside-inner-col{display:flex;}.kadence-column6567_7e0b37-f6 > .kt-inside-inner-col,.kadence-column6567_7e0b37-f6 > .kt-inside-inner-col:before{border-top-left-radius:0px;border-top-right-radius:0px;border-bottom-right-radius:0px;border-bottom-left-radius:0px;}.kadence-column6567_7e0b37-f6 > .kt-inside-inner-col{column-gap:var(--global-kb-gap-sm, 1rem);}.kadence-column6567_7e0b37-f6 > .kt-inside-inner-col{flex-direction:column;align-items:center;}.kadence-column6567_7e0b37-f6 > .kt-inside-inner-col > .kb-image-is-ratio-size{align-self:stretch;}.kadence-column6567_7e0b37-f6 > .kt-inside-inner-col > .wp-block-kadence-advancedgallery{align-self:stretch;}.kadence-column6567_7e0b37-f6 > .kt-inside-inner-col > .aligncenter{width:100%;}.kadence-column6567_7e0b37-f6 > .kt-inside-inner-col:before{opacity:0.3;}.kadence-column6567_7e0b37-f6{position:relative;}@media all and (max-width: 1024px){.kadence-column6567_7e0b37-f6 > .kt-inside-inner-col{flex-direction:column;justify-content:center;align-items:center;}}@media all and (max-width: 767px){.kadence-column6567_7e0b37-f6 > .kt-inside-inner-col{flex-direction:column;justify-content:center;align-items:center;}}<\/style>\n<div class=\"wp-block-kadence-column kadence-column6567_7e0b37-f6\"><div class=\"kt-inside-inner-col\"><style>.kb-image6567_3b5257-09.kb-image-is-ratio-size, .kb-image6567_3b5257-09 .kb-image-is-ratio-size{max-width:200px;width:100%;}.wp-block-kadence-column > .kt-inside-inner-col > .kb-image6567_3b5257-09.kb-image-is-ratio-size, .wp-block-kadence-column > .kt-inside-inner-col > .kb-image6567_3b5257-09 .kb-image-is-ratio-size{align-self:unset;}.kb-image6567_3b5257-09{max-width:200px;}.image-is-svg.kb-image6567_3b5257-09{-webkit-flex:0 1 100%;flex:0 1 100%;}.image-is-svg.kb-image6567_3b5257-09 img{width:100%;}.kb-image6567_3b5257-09 .kb-image-has-overlay:after{opacity:0.3;}<\/style>\n<figure class=\"wp-block-kadence-image kb-image6567_3b5257-09 size-medium\"><img loading=\"lazy\" decoding=\"async\" width=\"250\" height=\"300\" src=\"https:\/\/spcsb.md\/wp-content\/uploads\/2025\/12\/V3-1-250x300.png\" alt=\"V3\" class=\"kb-img wp-image-6640\" srcset=\"https:\/\/spcsb.md\/wp-content\/uploads\/2025\/12\/V3-1-250x300.png 250w, https:\/\/spcsb.md\/wp-content\/uploads\/2025\/12\/V3-1-854x1024.png 854w, https:\/\/spcsb.md\/wp-content\/uploads\/2025\/12\/V3-1-768x921.png 768w, https:\/\/spcsb.md\/wp-content\/uploads\/2025\/12\/V3-1-10x12.png 10w, https:\/\/spcsb.md\/wp-content\/uploads\/2025\/12\/V3-1.png 1153w\" sizes=\"auto, (max-width: 250px) 100vw, 250px\" \/><\/figure>\n<\/div><\/div>\n\n<\/div><\/div>\n\n<style>.kb-row-layout-id6567_477afd-f1 > .kt-row-column-wrap{align-content:start;}:where(.kb-row-layout-id6567_477afd-f1 > .kt-row-column-wrap) > .wp-block-kadence-column{justify-content:start;}.kb-row-layout-id6567_477afd-f1 > .kt-row-column-wrap{column-gap:var(--global-kb-gap-md, 2rem);row-gap:var(--global-kb-gap-md, 2rem);padding-top:7px;padding-bottom:var(--global-kb-spacing-lg, 3rem);grid-template-columns:minmax(0, 1fr);}.kb-row-layout-id6567_477afd-f1 > .kt-row-layout-overlay{opacity:0.30;}@media all and (max-width: 1024px){.kb-row-layout-id6567_477afd-f1 > .kt-row-column-wrap{grid-template-columns:minmax(0, 1fr);}}@media all and (max-width: 767px){.kb-row-layout-id6567_477afd-f1 > .kt-row-column-wrap{grid-template-columns:minmax(0, 1fr);}}<\/style><div class=\"kb-row-layout-wrap kb-row-layout-id6567_477afd-f1 alignnone wp-block-kadence-rowlayout\"><div class=\"kt-row-column-wrap kt-has-1-columns kt-row-layout-equal kt-tab-layout-inherit kt-mobile-layout-row kt-row-valign-top\">\n<style>.kadence-column6567_45dea0-77 > .kt-inside-inner-col,.kadence-column6567_45dea0-77 > .kt-inside-inner-col:before{border-top-left-radius:0px;border-top-right-radius:0px;border-bottom-right-radius:0px;border-bottom-left-radius:0px;}.kadence-column6567_45dea0-77 > .kt-inside-inner-col{column-gap:var(--global-kb-gap-sm, 1rem);}.kadence-column6567_45dea0-77 > .kt-inside-inner-col{flex-direction:column;}.kadence-column6567_45dea0-77 > .kt-inside-inner-col > .aligncenter{width:100%;}.kadence-column6567_45dea0-77 > .kt-inside-inner-col:before{opacity:0.3;}.kadence-column6567_45dea0-77{position:relative;}@media all and (max-width: 1024px){.kadence-column6567_45dea0-77 > .kt-inside-inner-col{flex-direction:column;justify-content:center;}}@media all and (max-width: 767px){.kadence-column6567_45dea0-77 > .kt-inside-inner-col{flex-direction:column;justify-content:center;}}<\/style>\n<div class=\"wp-block-kadence-column kadence-column6567_45dea0-77 ticss-8045dea0\"><div class=\"kt-inside-inner-col\">\n<p>In the subsequent stage, as a result of the developments of the national institutional framework, the duties of the Financial Intelligence Unit were exercised within the National Anticorruption Center, ensuring the functional continuity of specific activities, including the reception, registration, processing, analysis and transmission of information. Throughout the entire period, these functions were performed continuously, in accordance with the international obligations assumed by the Republic of Moldova and with the confidentiality and information protection requirements applicable to such a mechanism.<br><br>The consolidation of the legal and institutional status of the Financial Intelligence Unit was achieved by adopting Law no. 308\/2017 on the prevention and combating of money laundering and terrorist financing, a normative act by which the Office for the Prevention and Fight against of Money Laundering was established as an independent public authority, organized as an autonomous central specialized body. The transfer of rights and obligations in the field of preventing and combating money laundering and terrorist financing from the competent structure within the National Anticorruption Center to the newly established Service was enshrined in the final and transitional provisions of Law no. 308\/2017. In this framework, the Service took over, under the terms of the law, the institutional relations of cooperation and exchange of information corresponding to the mandate of the Financial Intelligence Unit.<br><br>The institutional and legal continuity of the Service is established both by taking over the full powers and international commitments, and by taking over the institutional identity, including the corporate symbols, re-registered in the name of the Office for Prevention and Fight against Money Laundering, under the terms of the acts adopted by the competent authorities.<br><br>Currently, the Office for the Prevention and Fight against of Money Laundering exercises the mandate of the Financial Intelligence Unit of the Republic of Moldova in full continuity with the previous structures, ensuring the stability, coherence and credibility of the national mechanism for preventing and combating money laundering, terrorist financing and the proliferation of weapons of mass destruction, in strict accordance with the national legal framework and applicable international standards.<\/p>\n<\/div><\/div>\n\n<\/div><\/div>","protected":false},"excerpt":{"rendered":"<p>Func\u021bia de Unitate de Informa\u021bii Financiare a Republicii Moldova este exercitat\u0103 \u00een mod continuu \u00eencep\u00e2nd cu anul 2003, fiind instituit Serviciul Prevenirea \u0219i Combaterea Sp\u0103l\u0103rii Banilor prin Ordinul oficial al Centrului pentru Combaterea Crimelor Economice \u0219i a Corup\u021biei, structur\u0103 specializat\u0103 creat\u0103 pentru consolidarea capacit\u0103\u021bilor statului \u00een materia prevenirii \u0219i combaterii sp\u0103l\u0103rii banilor \u0219i finan\u021b\u0103rii terorismului&#8230;.<\/p>","protected":false},"author":9,"featured_media":0,"parent":0,"menu_order":0,"comment_status":"closed","ping_status":"closed","template":"","meta":{"_themeisle_gutenberg_block_has_review":false,"_kad_post_transparent":"","_kad_post_title":"","_kad_post_layout":"","_kad_post_sidebar_id":"","_kad_post_content_style":"","_kad_post_vertical_padding":"","_kad_post_feature":"","_kad_post_feature_position":"","_kad_post_header":false,"_kad_post_footer":false,"_kad_post_classname":"","slim_seo":{"title":"About us","description":"Istoric: Func\u021bia de Unitate de Informa\u021bii Financiare a Republicii Moldova este exercitat\u0103 \u00een mod continuu \u00eencep\u00e2nd cu anul 2003, fiind instituit Serviciul Prevenirea \u0219i Combaterea Sp\u0103l\u0103rii Banilor prin Ordinul oficial al Centrului pentru Combaterea Crimelor Economice \u0219i a Corup\u021biei, structur\u0103 specializat\u0103 creat\u0103 pentru consolidarea capacit\u0103\u021bilor statului \u00een materia prevenirii \u0219i combaterii sp\u0103l\u0103rii banilor \u0219i finan\u021b\u0103rii terorismului. Instituirea acestei structuri s-a realizat \u00een contextul angajamentelor interna\u021bionale asumate de Republica Moldova \u00een procesul de aliniere la standardele relevante \u00een domeniul prevenirii \u0219i combaterii sp\u0103l\u0103rii banilor \u0219i finan\u021b\u0103rii terorismului, precum \u0219i al necesit\u0103\u021bii constituirii unei unit\u0103\u021bi na\u021bionale specializate, conform practicilor interna\u021bionale consacrate."},"footnotes":""},"class_list":["post-6567","page","type-page","status-publish","hentry"],"_links":{"self":[{"href":"https:\/\/spcsb.md\/en\/wp-json\/wp\/v2\/pages\/6567","targetHints":{"allow":["GET"]}}],"collection":[{"href":"https:\/\/spcsb.md\/en\/wp-json\/wp\/v2\/pages"}],"about":[{"href":"https:\/\/spcsb.md\/en\/wp-json\/wp\/v2\/types\/page"}],"author":[{"embeddable":true,"href":"https:\/\/spcsb.md\/en\/wp-json\/wp\/v2\/users\/9"}],"replies":[{"embeddable":true,"href":"https:\/\/spcsb.md\/en\/wp-json\/wp\/v2\/comments?post=6567"}],"version-history":[{"count":24,"href":"https:\/\/spcsb.md\/en\/wp-json\/wp\/v2\/pages\/6567\/revisions"}],"predecessor-version":[{"id":7749,"href":"https:\/\/spcsb.md\/en\/wp-json\/wp\/v2\/pages\/6567\/revisions\/7749"}],"wp:attachment":[{"href":"https:\/\/spcsb.md\/en\/wp-json\/wp\/v2\/media?parent=6567"}],"curies":[{"name":"wp","href":"https:\/\/api.w.org\/{rel}","templated":true}]}}