{"id":4607,"date":"2025-09-10T10:13:11","date_gmt":"2025-09-10T07:13:11","guid":{"rendered":"https:\/\/spcsb.md\/?page_id=4607"},"modified":"2026-01-16T13:41:37","modified_gmt":"2026-01-16T11:41:37","slug":"rapoarte-anuale","status":"publish","type":"page","link":"https:\/\/spcsb.md\/en\/rapoarte-anuale\/","title":{"rendered":"Annual reports"},"content":{"rendered":"<style>.kb-row-layout-id4607_3a4c15-bd > .kt-row-column-wrap{align-content:start;}:where(.kb-row-layout-id4607_3a4c15-bd > .kt-row-column-wrap) > .wp-block-kadence-column{justify-content:start;}.kb-row-layout-id4607_3a4c15-bd > .kt-row-column-wrap{column-gap:var(--global-kb-gap-md, 2rem);row-gap:var(--global-kb-gap-md, 2rem);max-width:var( --global-content-width, 1300px );padding-left:var(--global-content-edge-padding);padding-right:var(--global-content-edge-padding);padding-top:var(--global-kb-spacing-sm, 1.5rem);grid-template-columns:minmax(0, 1fr);}.kb-row-layout-id4607_3a4c15-bd > .kt-row-layout-overlay{opacity:0.30;}.kb-row-layout-id4607_3a4c15-bd .kt-row-layout-bottom-sep{height:100px;}.kb-row-layout-id4607_3a4c15-bd .kt-row-layout-bottom-sep svg{width:100%;}.kb-row-layout-id4607_3a4c15-bd .kt-row-layout-bottom-sep svg{fill:#ffffff!important;}.kb-row-layout-id4607_3a4c15-bd .kt-row-layout-top-sep{height:100px;}.kb-row-layout-id4607_3a4c15-bd .kt-row-layout-top-sep svg{width:100%;}.kb-row-layout-id4607_3a4c15-bd .kt-row-layout-top-sep svg{fill:#ffffff!important;}@media all and (max-width: 1024px){.kb-row-layout-id4607_3a4c15-bd > .kt-row-column-wrap{grid-template-columns:minmax(0, 1fr);}}@media all and (max-width: 1024px){.kb-row-layout-id4607_3a4c15-bd .kt-row-layout-bottom-sep{height:px;}}@media all and (max-width: 1024px){.kb-row-layout-id4607_3a4c15-bd .kt-row-layout-bottom-sep svg{width:%;}}@media all and (max-width: 767px){.kb-row-layout-id4607_3a4c15-bd > .kt-row-column-wrap{grid-template-columns:minmax(0, 1fr);}.kb-row-layout-id4607_3a4c15-bd .kt-row-layout-bottom-sep{height:px;}.kb-row-layout-id4607_3a4c15-bd .kt-row-layout-bottom-sep svg{width:%;}}<\/style><div class=\"kb-row-layout-wrap kb-row-layout-id4607_3a4c15-bd alignnone has-theme-palette9-background-color kt-row-has-bg wp-block-kadence-rowlayout\"><div class=\"kt-row-column-wrap kt-has-2-columns kt-row-layout-row kt-tab-layout-inherit kt-mobile-layout-row kt-row-valign-top kb-theme-content-width\">\n<style>.kadence-column4607_6421a1-a4 > .kt-inside-inner-col,.kadence-column4607_6421a1-a4 > .kt-inside-inner-col:before{border-top-left-radius:0px;border-top-right-radius:0px;border-bottom-right-radius:0px;border-bottom-left-radius:0px;}.kadence-column4607_6421a1-a4 > .kt-inside-inner-col{column-gap:var(--global-kb-gap-sm, 1rem);}.kadence-column4607_6421a1-a4 > .kt-inside-inner-col{flex-direction:column;}.kadence-column4607_6421a1-a4 > .kt-inside-inner-col > .aligncenter{width:100%;}.kadence-column4607_6421a1-a4 > .kt-inside-inner-col:before{opacity:0.3;}.kadence-column4607_6421a1-a4{position:relative;}@media all and (max-width: 1024px){.kadence-column4607_6421a1-a4 > .kt-inside-inner-col{flex-direction:column;justify-content:center;}}@media all and (max-width: 767px){.kadence-column4607_6421a1-a4 > .kt-inside-inner-col{flex-direction:column;justify-content:center;}}<\/style>\n<div class=\"wp-block-kadence-column kadence-column4607_6421a1-a4\"><div class=\"kt-inside-inner-col\">\n<p class=\"ticss-e1f83ebe\"><strong>Annual reports of the Office for Prevention and Fight against Money Laundering <\/strong> are drawn up and published in accordance with Article 19 (3) of Law No. 308\/2017 on the prevention and combating of money laundering and terrorist financing<strong>.<\/strong> <br><br>The annual reports provide an overview of the SPCSB activity during the reporting year and include, mainly, statistical data on the reports received, information on the analysis and dissemination of financial information to the competent authorities, description of trends, typologies and risks identified in the field of money laundering and terrorist financing, supervisory activities, national and international cooperation, including the exchange of information with other FIUs and legislative, methodological and operational initiatives, as well as training and awareness-raising actions aimed at reporting entities.<br><\/p>\n<\/div><\/div>\n\n\n<style>.kadence-column4607_46424d-ea > .kt-inside-inner-col{padding-top:var(--global-kb-spacing-xxs, 0.5rem);padding-bottom:var(--global-kb-spacing-lg, 3rem);}.kadence-column4607_46424d-ea > .kt-inside-inner-col,.kadence-column4607_46424d-ea > .kt-inside-inner-col:before{border-top-left-radius:0px;border-top-right-radius:0px;border-bottom-right-radius:0px;border-bottom-left-radius:0px;}.kadence-column4607_46424d-ea > .kt-inside-inner-col{column-gap:var(--global-kb-gap-sm, 1rem);}.kadence-column4607_46424d-ea > .kt-inside-inner-col{flex-direction:column;}.kadence-column4607_46424d-ea > .kt-inside-inner-col > .aligncenter{width:100%;}.kadence-column4607_46424d-ea > .kt-inside-inner-col:before{opacity:0.3;}.kadence-column4607_46424d-ea{position:relative;}@media all and (max-width: 1024px){.kadence-column4607_46424d-ea > .kt-inside-inner-col{flex-direction:column;justify-content:center;}}@media all and (max-width: 767px){.kadence-column4607_46424d-ea > .kt-inside-inner-col{flex-direction:column;justify-content:center;}}<\/style>\n<div class=\"wp-block-kadence-column kadence-column4607_46424d-ea\"><div class=\"kt-inside-inner-col\">\n\n<style>.wp-block-kadence-advancedgallery .kb-gallery-type-masonry.kb-gallery-id-4607_e221c3-97{margin:-10px;}.kb-gallery-type-masonry.kb-gallery-id-4607_e221c3-97 .kadence-blocks-gallery-item{padding:10px;}.kb-gallery-id-4607_e221c3-97 .kadence-blocks-gallery-item .kb-gal-image-radius, .kb-gallery-id-4607_e221c3-97 .kb-slide-item .kb-gal-image-radius img{border-radius:10px 10px 10px 10px;;}.wp-block-kadence-advancedgallery.kb-gallery-wrap-id-4607_e221c3-97{overflow:visible;}.kb-gallery-id-4607_e221c3-97 .kadence-blocks-gallery-item .kb-gal-image-radius, .kb-gallery-id-4607_e221c3-97 .kadence-blocks-gallery-thumb-item .kb-gal-image-radius{box-shadow:0px 0px 60px -15px rgba(132, 144, 158, 0.5);}.kb-gallery-id-4607_e221c3-97 .kadence-blocks-gallery-item:hover .kb-gal-image-radius, .kb-gallery-id-4607_e221c3-97 .kadence-blocks-gallery-thumb-item:hover .kb-gal-image-radius{box-shadow:0px 0px 60px 5px rgba(0, 0, 0, 0.2);}.kb-gallery-id-4607_e221c3-97 .kadence-blocks-gallery-item .kadence-blocks-gallery-item-inner .kadence-blocks-gallery-item__caption{font-size:var(--global-kb-font-size-lg, 2rem);color:var(--global-palette9, #ffffff);}.kb-gallery-caption-style-bottom.kb-gallery-id-4607_e221c3-97 .kadence-blocks-gallery-item .kadence-blocks-gallery-item-inner .kadence-blocks-gallery-item__caption, .kb-gallery-caption-style-bottom-hover.kb-gallery-id-4607_e221c3-97 .kadence-blocks-gallery-item .kadence-blocks-gallery-item-inner .kadence-blocks-gallery-item__caption{background:linear-gradient(0deg, #000000 0, rgba(0, 0, 0, 0) 100%);}<\/style><div class=\"kb-gallery-wrap-id-4607_e221c3-97 alignnone wp-block-kadence-advancedgallery\"><ul class=\"kb-gallery-ul kb-gallery-non-static kb-gallery-type-masonry kb-masonry-init kb-gallery-id-4607_e221c3-97 kb-gallery-caption-style-bottom-hover kb-gallery-filter-none\" data-image-filter=\"none\" data-item-selector=\".kadence-blocks-gallery-item\" data-lightbox-caption=\"true\" data-columns-xxl=\"4\" data-columns-xl=\"4\" data-columns-md=\"4\" data-columns-sm=\"3\" data-columns-xs=\"2\" data-columns-ss=\"2\"><li class=\"kadence-blocks-gallery-item\"><div class=\"kadence-blocks-gallery-item-inner\"><figure class=\"kb-gallery-figure kb-gallery-item-has-link kadence-blocks-gallery-item-has-caption\"><a href=\"https:\/\/spcsb.md\/wp-content\/uploads\/2026\/01\/Annual-Report-2024.pdf\" class=\"kb-gallery-item-link\" target=\"_blank\" rel=\"noopener noreferrer\"><div class=\"kb-gal-image-radius\" style=\"max-width:725px;\"><div class=\"kb-gallery-image-contain kadence-blocks-gallery-intrinsic\" style=\"padding-bottom:141%;\"><img loading=\"lazy\" decoding=\"async\" src=\"https:\/\/spcsb.md\/wp-content\/uploads\/2025\/10\/2024-725x1024.jpg\" width=\"725\" height=\"1024\" alt=\"2024\" data-full-image=\"https:\/\/spcsb.md\/wp-content\/uploads\/2025\/10\/2024.jpg\" data-light-image=\"https:\/\/spcsb.md\/wp-content\/uploads\/2025\/10\/2024.jpg\" data-id=\"5627\" class=\"wp-image-5627\" srcset=\"https:\/\/spcsb.md\/wp-content\/uploads\/2025\/10\/2024-725x1024.jpg 725w, https:\/\/spcsb.md\/wp-content\/uploads\/2025\/10\/2024-212x300.jpg 212w, https:\/\/spcsb.md\/wp-content\/uploads\/2025\/10\/2024-768x1085.jpg 768w, https:\/\/spcsb.md\/wp-content\/uploads\/2025\/10\/2024-1087x1536.jpg 1087w, https:\/\/spcsb.md\/wp-content\/uploads\/2025\/10\/2024-8x12.jpg 8w, https:\/\/spcsb.md\/wp-content\/uploads\/2025\/10\/2024.jpg 1241w\" sizes=\"auto, (max-width: 725px) 100vw, 725px\" \/><\/div><div class=\"kadence-blocks-gallery-item__caption\">Annual report 2024<\/div><\/div><\/a><\/figure><\/div><\/li><li class=\"kadence-blocks-gallery-item\"><div class=\"kadence-blocks-gallery-item-inner\"><figure class=\"kb-gallery-figure kb-gallery-item-has-link kadence-blocks-gallery-item-has-caption\"><a href=\"https:\/\/spcsb.md\/wp-content\/uploads\/2026\/01\/Annual-Report-2023.pdf\" class=\"kb-gallery-item-link\" target=\"_blank\" rel=\"noopener noreferrer\"><div class=\"kb-gal-image-radius\" style=\"max-width:725px;\"><div class=\"kb-gallery-image-contain kadence-blocks-gallery-intrinsic\" style=\"padding-bottom:141%;\"><img loading=\"lazy\" decoding=\"async\" src=\"https:\/\/spcsb.md\/wp-content\/uploads\/2025\/10\/2023-725x1024.jpg\" width=\"725\" height=\"1024\" alt=\"2023\" data-full-image=\"https:\/\/spcsb.md\/wp-content\/uploads\/2025\/10\/2023.jpg\" data-light-image=\"https:\/\/spcsb.md\/wp-content\/uploads\/2025\/10\/2023.jpg\" data-id=\"5626\" class=\"wp-image-5626\" srcset=\"https:\/\/spcsb.md\/wp-content\/uploads\/2025\/10\/2023-725x1024.jpg 725w, https:\/\/spcsb.md\/wp-content\/uploads\/2025\/10\/2023-212x300.jpg 212w, https:\/\/spcsb.md\/wp-content\/uploads\/2025\/10\/2023-768x1085.jpg 768w, https:\/\/spcsb.md\/wp-content\/uploads\/2025\/10\/2023-1087x1536.jpg 1087w, https:\/\/spcsb.md\/wp-content\/uploads\/2025\/10\/2023-8x12.jpg 8w, https:\/\/spcsb.md\/wp-content\/uploads\/2025\/10\/2023.jpg 1241w\" sizes=\"auto, (max-width: 725px) 100vw, 725px\" \/><\/div><div class=\"kadence-blocks-gallery-item__caption\">Annual report 2023<\/div><\/div><\/a><\/figure><\/div><\/li><li class=\"kadence-blocks-gallery-item\"><div class=\"kadence-blocks-gallery-item-inner\"><figure class=\"kb-gallery-figure kb-gallery-item-has-link kadence-blocks-gallery-item-has-caption\"><a href=\"https:\/\/spcsb.md\/wp-content\/uploads\/2026\/01\/Annual-Report-2022.pdf\" class=\"kb-gallery-item-link\" target=\"_blank\" rel=\"noopener noreferrer\"><div class=\"kb-gal-image-radius\" style=\"max-width:725px;\"><div class=\"kb-gallery-image-contain kadence-blocks-gallery-intrinsic\" style=\"padding-bottom:141%;\"><img loading=\"lazy\" decoding=\"async\" src=\"https:\/\/spcsb.md\/wp-content\/uploads\/2025\/10\/2022-725x1024.jpg\" width=\"725\" height=\"1024\" alt=\"2022\" data-full-image=\"https:\/\/spcsb.md\/wp-content\/uploads\/2025\/10\/2022.jpg\" data-light-image=\"https:\/\/spcsb.md\/wp-content\/uploads\/2025\/10\/2022.jpg\" data-id=\"5625\" class=\"wp-image-5625\" srcset=\"https:\/\/spcsb.md\/wp-content\/uploads\/2025\/10\/2022-725x1024.jpg 725w, https:\/\/spcsb.md\/wp-content\/uploads\/2025\/10\/2022-212x300.jpg 212w, https:\/\/spcsb.md\/wp-content\/uploads\/2025\/10\/2022-768x1085.jpg 768w, https:\/\/spcsb.md\/wp-content\/uploads\/2025\/10\/2022-1087x1536.jpg 1087w, https:\/\/spcsb.md\/wp-content\/uploads\/2025\/10\/2022-8x12.jpg 8w, https:\/\/spcsb.md\/wp-content\/uploads\/2025\/10\/2022.jpg 1241w\" sizes=\"auto, (max-width: 725px) 100vw, 725px\" \/><\/div><div class=\"kadence-blocks-gallery-item__caption\">Annual report 2022<\/div><\/div><\/a><\/figure><\/div><\/li><li class=\"kadence-blocks-gallery-item\"><div class=\"kadence-blocks-gallery-item-inner\"><figure class=\"kb-gallery-figure kb-gallery-item-has-link kadence-blocks-gallery-item-has-caption\"><a href=\"https:\/\/spcsb.md\/wp-content\/uploads\/2025\/09\/Raport-Anual-2021.pdf\" class=\"kb-gallery-item-link\" target=\"_blank\" rel=\"noopener noreferrer\"><div class=\"kb-gal-image-radius\" style=\"max-width:725px;\"><div class=\"kb-gallery-image-contain kadence-blocks-gallery-intrinsic\" style=\"padding-bottom:141%;\"><img loading=\"lazy\" decoding=\"async\" src=\"https:\/\/spcsb.md\/wp-content\/uploads\/2025\/10\/2021-725x1024.jpg\" width=\"725\" height=\"1024\" alt=\"2021\" data-full-image=\"https:\/\/spcsb.md\/wp-content\/uploads\/2025\/10\/2021.jpg\" data-light-image=\"https:\/\/spcsb.md\/wp-content\/uploads\/2025\/10\/2021.jpg\" data-id=\"5624\" class=\"wp-image-5624\" srcset=\"https:\/\/spcsb.md\/wp-content\/uploads\/2025\/10\/2021-725x1024.jpg 725w, https:\/\/spcsb.md\/wp-content\/uploads\/2025\/10\/2021-212x300.jpg 212w, https:\/\/spcsb.md\/wp-content\/uploads\/2025\/10\/2021-768x1085.jpg 768w, https:\/\/spcsb.md\/wp-content\/uploads\/2025\/10\/2021-1087x1536.jpg 1087w, https:\/\/spcsb.md\/wp-content\/uploads\/2025\/10\/2021-8x12.jpg 8w, https:\/\/spcsb.md\/wp-content\/uploads\/2025\/10\/2021.jpg 1241w\" sizes=\"auto, (max-width: 725px) 100vw, 725px\" \/><\/div><div class=\"kadence-blocks-gallery-item__caption\">Annual report 2021<\/div><\/div><\/a><\/figure><\/div><\/li><li class=\"kadence-blocks-gallery-item\"><div class=\"kadence-blocks-gallery-item-inner\"><figure class=\"kb-gallery-figure kb-gallery-item-has-link kadence-blocks-gallery-item-has-caption\"><a href=\"https:\/\/spcsb.md\/wp-content\/uploads\/2026\/01\/Annual-Report-2020.pdf\" class=\"kb-gallery-item-link\" target=\"_blank\" rel=\"noopener noreferrer\"><div class=\"kb-gal-image-radius\" style=\"max-width:725px;\"><div class=\"kb-gallery-image-contain kadence-blocks-gallery-intrinsic\" style=\"padding-bottom:141%;\"><img loading=\"lazy\" decoding=\"async\" src=\"https:\/\/spcsb.md\/wp-content\/uploads\/2025\/10\/2020-725x1024.jpg\" width=\"725\" height=\"1024\" alt=\"2020\" data-full-image=\"https:\/\/spcsb.md\/wp-content\/uploads\/2025\/10\/2020.jpg\" data-light-image=\"https:\/\/spcsb.md\/wp-content\/uploads\/2025\/10\/2020.jpg\" data-id=\"5629\" class=\"wp-image-5629\" srcset=\"https:\/\/spcsb.md\/wp-content\/uploads\/2025\/10\/2020-725x1024.jpg 725w, https:\/\/spcsb.md\/wp-content\/uploads\/2025\/10\/2020-212x300.jpg 212w, https:\/\/spcsb.md\/wp-content\/uploads\/2025\/10\/2020-768x1085.jpg 768w, https:\/\/spcsb.md\/wp-content\/uploads\/2025\/10\/2020-1087x1536.jpg 1087w, https:\/\/spcsb.md\/wp-content\/uploads\/2025\/10\/2020-8x12.jpg 8w, https:\/\/spcsb.md\/wp-content\/uploads\/2025\/10\/2020.jpg 1241w\" sizes=\"auto, (max-width: 725px) 100vw, 725px\" \/><\/div><div class=\"kadence-blocks-gallery-item__caption\">Annual report 2020<\/div><\/div><\/a><\/figure><\/div><\/li><li class=\"kadence-blocks-gallery-item\"><div class=\"kadence-blocks-gallery-item-inner\"><figure class=\"kb-gallery-figure kb-gallery-item-has-link kadence-blocks-gallery-item-has-caption\"><a href=\"https:\/\/spcsb.md\/wp-content\/uploads\/2026\/01\/Annual-Report-2019.pdf\" class=\"kb-gallery-item-link\" target=\"_blank\" rel=\"noopener noreferrer\"><div class=\"kb-gal-image-radius\" style=\"max-width:722px;\"><div class=\"kb-gallery-image-contain kadence-blocks-gallery-intrinsic\" style=\"padding-bottom:141%;\"><img loading=\"lazy\" decoding=\"async\" src=\"https:\/\/spcsb.md\/wp-content\/uploads\/2025\/10\/2019-2-722x1024.jpg\" width=\"722\" height=\"1024\" alt=\"2019\" data-full-image=\"https:\/\/spcsb.md\/wp-content\/uploads\/2025\/10\/2019-2.jpg\" data-light-image=\"https:\/\/spcsb.md\/wp-content\/uploads\/2025\/10\/2019-2.jpg\" data-id=\"5858\" class=\"wp-image-5858\" srcset=\"https:\/\/spcsb.md\/wp-content\/uploads\/2025\/10\/2019-2-722x1024.jpg 722w, https:\/\/spcsb.md\/wp-content\/uploads\/2025\/10\/2019-2-211x300.jpg 211w, https:\/\/spcsb.md\/wp-content\/uploads\/2025\/10\/2019-2-768x1090.jpg 768w, https:\/\/spcsb.md\/wp-content\/uploads\/2025\/10\/2019-2-1082x1536.jpg 1082w, https:\/\/spcsb.md\/wp-content\/uploads\/2025\/10\/2019-2-8x12.jpg 8w, https:\/\/spcsb.md\/wp-content\/uploads\/2025\/10\/2019-2.jpg 1236w\" sizes=\"auto, (max-width: 722px) 100vw, 722px\" \/><\/div><div class=\"kadence-blocks-gallery-item__caption\">Annual report 2019<\/div><\/div><\/a><\/figure><\/div><\/li><li class=\"kadence-blocks-gallery-item\"><div class=\"kadence-blocks-gallery-item-inner\"><figure class=\"kb-gallery-figure kb-gallery-item-has-link kadence-blocks-gallery-item-has-caption\"><a href=\"https:\/\/spcsb.md\/wp-content\/uploads\/2026\/01\/Annual-Report-2018.pdf\" class=\"kb-gallery-item-link\" target=\"_blank\" rel=\"noopener noreferrer\"><div class=\"kb-gal-image-radius\" style=\"max-width:741px;\"><div class=\"kb-gallery-image-contain kadence-blocks-gallery-intrinsic\" style=\"padding-bottom:138%;\"><img loading=\"lazy\" decoding=\"async\" src=\"https:\/\/spcsb.md\/wp-content\/uploads\/2025\/10\/2018-2-741x1024.jpg\" width=\"741\" height=\"1024\" alt=\"2018\" data-full-image=\"https:\/\/spcsb.md\/wp-content\/uploads\/2025\/10\/2018-2.jpg\" data-light-image=\"https:\/\/spcsb.md\/wp-content\/uploads\/2025\/10\/2018-2.jpg\" data-id=\"5859\" class=\"wp-image-5859\" srcset=\"https:\/\/spcsb.md\/wp-content\/uploads\/2025\/10\/2018-2-741x1024.jpg 741w, https:\/\/spcsb.md\/wp-content\/uploads\/2025\/10\/2018-2-217x300.jpg 217w, https:\/\/spcsb.md\/wp-content\/uploads\/2025\/10\/2018-2-768x1062.jpg 768w, https:\/\/spcsb.md\/wp-content\/uploads\/2025\/10\/2018-2-1111x1536.jpg 1111w, https:\/\/spcsb.md\/wp-content\/uploads\/2025\/10\/2018-2-9x12.jpg 9w, https:\/\/spcsb.md\/wp-content\/uploads\/2025\/10\/2018-2.jpg 1269w\" sizes=\"auto, (max-width: 741px) 100vw, 741px\" \/><\/div><div class=\"kadence-blocks-gallery-item__caption\">Annual report 2018<\/div><\/div><\/a><\/figure><\/div><\/li><\/ul><\/div><\/div><\/div>\n\n<\/div><\/div>","protected":false},"excerpt":{"rendered":"<p>Rapoartele anuale ale Serviciului Prevenirea \u0219i Combaterea Sp\u0103l\u0103rii Banilor sunt elaborate \u0219i publicate \u00een conformitate cu articolul 19 alineatul (3) din Legea nr. 308\/2017 privind prevenirea \u0219i combaterea sp\u0103l\u0103rii banilor \u0219i finan\u021b\u0103rii terorismului. Rapoartele anuale ofer\u0103 o imagine de ansamblu asupra activit\u0103\u021bii SPCSB pe parcursul anului de raportare \u0219i includ, \u00een principal date statistice privind&#8230;<\/p>","protected":false},"author":2,"featured_media":0,"parent":0,"menu_order":0,"comment_status":"closed","ping_status":"closed","template":"","meta":{"_themeisle_gutenberg_block_has_review":false,"_kad_post_transparent":"default","_kad_post_title":"default","_kad_post_layout":"default","_kad_post_sidebar_id":"","_kad_post_content_style":"default","_kad_post_vertical_padding":"","_kad_post_feature":"default","_kad_post_feature_position":"behind","_kad_post_header":false,"_kad_post_footer":false,"_kad_post_classname":"","slim_seo":{"title":"Rapoarte anuale - Serviciul Prevenirea \u015fi Combaterea Sp\u0103l\u0103rii Banilor","description":""},"footnotes":""},"class_list":["post-4607","page","type-page","status-publish","hentry"],"_links":{"self":[{"href":"https:\/\/spcsb.md\/en\/wp-json\/wp\/v2\/pages\/4607","targetHints":{"allow":["GET"]}}],"collection":[{"href":"https:\/\/spcsb.md\/en\/wp-json\/wp\/v2\/pages"}],"about":[{"href":"https:\/\/spcsb.md\/en\/wp-json\/wp\/v2\/types\/page"}],"author":[{"embeddable":true,"href":"https:\/\/spcsb.md\/en\/wp-json\/wp\/v2\/users\/2"}],"replies":[{"embeddable":true,"href":"https:\/\/spcsb.md\/en\/wp-json\/wp\/v2\/comments?post=4607"}],"version-history":[{"count":105,"href":"https:\/\/spcsb.md\/en\/wp-json\/wp\/v2\/pages\/4607\/revisions"}],"predecessor-version":[{"id":7894,"href":"https:\/\/spcsb.md\/en\/wp-json\/wp\/v2\/pages\/4607\/revisions\/7894"}],"wp:attachment":[{"href":"https:\/\/spcsb.md\/en\/wp-json\/wp\/v2\/media?parent=4607"}],"curies":[{"name":"wp","href":"https:\/\/api.w.org\/{rel}","templated":true}]}}