{"id":2233,"date":"2025-04-30T16:06:34","date_gmt":"2025-04-30T13:06:34","guid":{"rendered":"https:\/\/spcsb.md\/?page_id=2233"},"modified":"2026-03-04T09:43:32","modified_gmt":"2026-03-04T07:43:32","slug":"organigrama","status":"publish","type":"page","link":"https:\/\/spcsb.md\/en\/organigrama\/","title":{"rendered":"Organization chart"},"content":{"rendered":"<style>.kb-row-layout-id2233_7ad654-e0 > .kt-row-column-wrap{align-content:start;}:where(.kb-row-layout-id2233_7ad654-e0 > .kt-row-column-wrap) > .wp-block-kadence-column{justify-content:start;}.kb-row-layout-id2233_7ad654-e0 > .kt-row-column-wrap{column-gap:var(--global-kb-gap-md, 2rem);row-gap:var(--global-kb-gap-md, 2rem);max-width:var( --global-content-width, 1300px );padding-left:var(--global-content-edge-padding);padding-right:var(--global-content-edge-padding);padding-top:var(--global-kb-spacing-md, 2rem);padding-right:0px;padding-bottom:0px;grid-template-columns:minmax(0, 1fr);}.kb-row-layout-id2233_7ad654-e0 > .kt-row-layout-overlay{opacity:0.30;}@media all and (max-width: 1024px){.kb-row-layout-id2233_7ad654-e0 > .kt-row-column-wrap{grid-template-columns:minmax(0, 1fr);}}@media all and (max-width: 767px){.kb-row-layout-id2233_7ad654-e0 > .kt-row-column-wrap{grid-template-columns:minmax(0, 1fr);}}<\/style><div class=\"kb-row-layout-wrap kb-row-layout-id2233_7ad654-e0 alignnone has-theme-palette9-background-color kt-row-has-bg wp-block-kadence-rowlayout\"><div class=\"kt-row-column-wrap kt-has-2-columns kt-row-layout-row kt-tab-layout-inherit kt-mobile-layout-row kt-row-valign-top kb-theme-content-width\">\n<style>.kadence-column2233_847904-69 > .kt-inside-inner-col{padding-bottom:var(--global-kb-spacing-sm, 1.5rem);}.kadence-column2233_847904-69 > .kt-inside-inner-col,.kadence-column2233_847904-69 > .kt-inside-inner-col:before{border-top-left-radius:0px;border-top-right-radius:0px;border-bottom-right-radius:0px;border-bottom-left-radius:0px;}.kadence-column2233_847904-69 > .kt-inside-inner-col{column-gap:var(--global-kb-gap-sm, 1rem);}.kadence-column2233_847904-69 > .kt-inside-inner-col{flex-direction:column;}.kadence-column2233_847904-69 > .kt-inside-inner-col > .aligncenter{width:100%;}.kadence-column2233_847904-69 > .kt-inside-inner-col:before{opacity:0.3;}.kadence-column2233_847904-69{position:relative;}@media all and (max-width: 1024px){.kadence-column2233_847904-69 > .kt-inside-inner-col{flex-direction:column;justify-content:center;}}@media all and (max-width: 767px){.kadence-column2233_847904-69 > .kt-inside-inner-col{flex-direction:column;justify-content:center;}}<\/style>\n<div class=\"wp-block-kadence-column kadence-column2233_847904-69\"><div class=\"kt-inside-inner-col\"><style>.wp-block-kadence-advancedheading.kt-adv-heading2233_7f7e3f-22, .wp-block-kadence-advancedheading.kt-adv-heading2233_7f7e3f-22[data-kb-block=\"kb-adv-heading2233_7f7e3f-22\"]{text-align:center;font-style:normal;}.wp-block-kadence-advancedheading.kt-adv-heading2233_7f7e3f-22 mark.kt-highlight, .wp-block-kadence-advancedheading.kt-adv-heading2233_7f7e3f-22[data-kb-block=\"kb-adv-heading2233_7f7e3f-22\"] mark.kt-highlight{font-style:normal;color:#f76a0c;-webkit-box-decoration-break:clone;box-decoration-break:clone;padding-top:0px;padding-right:0px;padding-bottom:0px;padding-left:0px;}.wp-block-kadence-advancedheading.kt-adv-heading2233_7f7e3f-22 img.kb-inline-image, .wp-block-kadence-advancedheading.kt-adv-heading2233_7f7e3f-22[data-kb-block=\"kb-adv-heading2233_7f7e3f-22\"] img.kb-inline-image{width:150px;vertical-align:baseline;}<\/style>\n<p class=\"kt-adv-heading2233_7f7e3f-22 wp-block-kadence-advancedheading has-theme-palette-3-color has-text-color\" data-kb-block=\"kb-adv-heading2233_7f7e3f-22\">Structura organizatoric\u0103 a Serviciului Prevenirii \u0219i Combaterii Sp\u0103l\u0103rii Banilor a fost stabilit\u0103 prin  <strong><a href=\"https:\/\/www.legis.md\/cautare\/getResults?doc_id=152820&amp;lang=ro#\" target=\"_blank\" rel=\"noreferrer noopener\">Hot\u0103r\u00e2rii Guvernului nr. 299 din 04.04.2018<\/a><\/strong> cu privire la aprobarea structurii \u0219i efectivului-limit\u0103 ale Serviciului Prevenirii \u0219i Combaterii Sp\u0103l\u0103rii Banilor.<\/p>\n<\/div><\/div>\n\n\n<style>.kadence-column2233_443a38-d7 > .kt-inside-inner-col{display:flex;}.kadence-column2233_443a38-d7 > .kt-inside-inner-col,.kadence-column2233_443a38-d7 > .kt-inside-inner-col:before{border-top-left-radius:0px;border-top-right-radius:0px;border-bottom-right-radius:0px;border-bottom-left-radius:0px;}.kadence-column2233_443a38-d7 > .kt-inside-inner-col{column-gap:var(--global-kb-gap-sm, 1rem);}.kadence-column2233_443a38-d7 > .kt-inside-inner-col{flex-direction:column;align-items:center;}.kadence-column2233_443a38-d7 > .kt-inside-inner-col > .kb-image-is-ratio-size{align-self:stretch;}.kadence-column2233_443a38-d7 > .kt-inside-inner-col > .wp-block-kadence-advancedgallery{align-self:stretch;}.kadence-column2233_443a38-d7 > .kt-inside-inner-col > .aligncenter{width:100%;}.kadence-column2233_443a38-d7 > .kt-inside-inner-col:before{opacity:0.3;}.kadence-column2233_443a38-d7{position:relative;}@media all and (max-width: 1024px){.kadence-column2233_443a38-d7 > .kt-inside-inner-col{flex-direction:column;justify-content:center;align-items:center;}}@media all and (max-width: 767px){.kadence-column2233_443a38-d7 > .kt-inside-inner-col{flex-direction:column;justify-content:center;align-items:center;}}<\/style>\n<div class=\"wp-block-kadence-column kadence-column2233_443a38-d7 kb-section-dir-vertical\"><div class=\"kt-inside-inner-col\">\n\n<style>.kb-image2233_6f8125-29 .kb-image-has-overlay:after{opacity:0.3;}<\/style>\n<figure class=\"wp-block-kadence-image kb-image2233_6f8125-29 size-large\"><img loading=\"lazy\" decoding=\"async\" width=\"1024\" height=\"450\" src=\"https:\/\/spcsb.md\/wp-content\/uploads\/2026\/03\/org1-eng-1024x450.png\" alt=\"Org1 eng\" class=\"kb-img wp-image-8418\" srcset=\"https:\/\/spcsb.md\/wp-content\/uploads\/2026\/03\/org1-eng-1024x450.png 1024w, https:\/\/spcsb.md\/wp-content\/uploads\/2026\/03\/org1-eng-300x132.png 300w, https:\/\/spcsb.md\/wp-content\/uploads\/2026\/03\/org1-eng-768x338.png 768w, https:\/\/spcsb.md\/wp-content\/uploads\/2026\/03\/org1-eng-1536x675.png 1536w, https:\/\/spcsb.md\/wp-content\/uploads\/2026\/03\/org1-eng-2048x900.png 2048w, https:\/\/spcsb.md\/wp-content\/uploads\/2026\/03\/org1-eng-18x8.png 18w, https:\/\/spcsb.md\/wp-content\/uploads\/2026\/03\/org1-eng-1320x580.png 1320w\" sizes=\"auto, (max-width: 1024px) 100vw, 1024px\" \/><\/figure>\n\n\n<\/div><\/div>\n\n<\/div><\/div>\n\n<style>.wp-block-kadence-advancedheading.kt-adv-heading2233_d22552-75, .wp-block-kadence-advancedheading.kt-adv-heading2233_d22552-75[data-kb-block=\"kb-adv-heading2233_d22552-75\"]{font-style:normal;}.wp-block-kadence-advancedheading.kt-adv-heading2233_d22552-75 mark.kt-highlight, .wp-block-kadence-advancedheading.kt-adv-heading2233_d22552-75[data-kb-block=\"kb-adv-heading2233_d22552-75\"] mark.kt-highlight{font-style:normal;color:#f76a0c;-webkit-box-decoration-break:clone;box-decoration-break:clone;padding-top:0px;padding-right:0px;padding-bottom:0px;padding-left:0px;}.wp-block-kadence-advancedheading.kt-adv-heading2233_d22552-75 img.kb-inline-image, .wp-block-kadence-advancedheading.kt-adv-heading2233_d22552-75[data-kb-block=\"kb-adv-heading2233_d22552-75\"] img.kb-inline-image{width:150px;vertical-align:baseline;}<\/style>\n<h2 class=\"kt-adv-heading2233_d22552-75 wp-block-kadence-advancedheading\" data-kb-block=\"kb-adv-heading2233_d22552-75\"><\/h2>\n","protected":false},"excerpt":{"rendered":"<p class=\"translation-block\">The organizational structure of the Office for Prevention and Fight against Money Laundering was established by <strong><a href=\"https:\/\/www.legis.md\/cautare\/getResults?doc_id=152820&amp;lang=ro#\" target=\"_blank\" rel=\"noreferrer noopener\" role=\"link\">Government Decision No. 299 of 04.04.2018<\/a><\/strong> on the approval of the structure and staffing limit of the Office for Prevention and Fight against Money Laundering.<\/p>","protected":false},"author":2,"featured_media":0,"parent":0,"menu_order":0,"comment_status":"closed","ping_status":"closed","template":"","meta":{"_themeisle_gutenberg_block_has_review":false,"_kad_post_transparent":"","_kad_post_title":"","_kad_post_layout":"","_kad_post_sidebar_id":"","_kad_post_content_style":"","_kad_post_vertical_padding":"","_kad_post_feature":"","_kad_post_feature_position":"","_kad_post_header":false,"_kad_post_footer":false,"_kad_post_classname":"","slim_seo":{"title":"Organigrama - Serviciul Prevenirea \u015fi Combaterea Sp\u0103l\u0103rii Banilor","description":""},"footnotes":""},"class_list":["post-2233","page","type-page","status-publish","hentry"],"_links":{"self":[{"href":"https:\/\/spcsb.md\/en\/wp-json\/wp\/v2\/pages\/2233","targetHints":{"allow":["GET"]}}],"collection":[{"href":"https:\/\/spcsb.md\/en\/wp-json\/wp\/v2\/pages"}],"about":[{"href":"https:\/\/spcsb.md\/en\/wp-json\/wp\/v2\/types\/page"}],"author":[{"embeddable":true,"href":"https:\/\/spcsb.md\/en\/wp-json\/wp\/v2\/users\/2"}],"replies":[{"embeddable":true,"href":"https:\/\/spcsb.md\/en\/wp-json\/wp\/v2\/comments?post=2233"}],"version-history":[{"count":18,"href":"https:\/\/spcsb.md\/en\/wp-json\/wp\/v2\/pages\/2233\/revisions"}],"predecessor-version":[{"id":8420,"href":"https:\/\/spcsb.md\/en\/wp-json\/wp\/v2\/pages\/2233\/revisions\/8420"}],"wp:attachment":[{"href":"https:\/\/spcsb.md\/en\/wp-json\/wp\/v2\/media?parent=2233"}],"curies":[{"name":"wp","href":"https:\/\/api.w.org\/{rel}","templated":true}]}}